{"id":4526,"date":"2024-01-07T04:07:00","date_gmt":"2024-01-07T04:07:00","guid":{"rendered":"http:\/\/educationwp.thimpress.com\/?page_id=4526"},"modified":"2025-04-22T11:47:11","modified_gmt":"2025-04-22T11:47:11","slug":"servicios","status":"publish","type":"page","link":"https:\/\/plenamenteconsciente.com.ar\/index.php\/servicios\/","title":{"rendered":"Servicios"},"content":{"rendered":"\t\t<div data-elementor-type=\"wp-post\" data-elementor-id=\"4526\" class=\"elementor elementor-4526\">\n\t\t\t\t\t\t\t\t\t<section class=\"elementor-section elementor-top-section elementor-element elementor-element-c4b40ec elementor-section-boxed elementor-section-height-default elementor-section-height-default\" data-id=\"c4b40ec\" data-element_type=\"section\" data-settings=\"{&quot;background_background&quot;:&quot;classic&quot;}\">\n\t\t\t\t\t\t<div class=\"elementor-container elementor-column-gap-default\">\n\t\t\t\t\t<div class=\"elementor-column elementor-col-50 elementor-top-column elementor-element elementor-element-19d0aec\" data-id=\"19d0aec\" data-element_type=\"column\">\n\t\t\t<div class=\"elementor-widget-wrap elementor-element-populated\">\n\t\t\t\t\t\t\t\t<div class=\"elementor-element elementor-element-c15b605 elementor-widget elementor-widget-heading\" data-id=\"c15b605\" data-element_type=\"widget\" data-widget_type=\"heading.default\">\n\t\t\t\t<div class=\"elementor-widget-container\">\n\t\t\t<style>\/*! elementor - v3.14.0 - 26-06-2023 *\/\n.elementor-heading-title{padding:0;margin:0;line-height:1}.elementor-widget-heading .elementor-heading-title[class*=elementor-size-]>a{color:inherit;font-size:inherit;line-height:inherit}.elementor-widget-heading .elementor-heading-title.elementor-size-small{font-size:15px}.elementor-widget-heading .elementor-heading-title.elementor-size-medium{font-size:19px}.elementor-widget-heading .elementor-heading-title.elementor-size-large{font-size:29px}.elementor-widget-heading .elementor-heading-title.elementor-size-xl{font-size:39px}.elementor-widget-heading .elementor-heading-title.elementor-size-xxl{font-size:59px}<\/style><h2 class=\"elementor-heading-title elementor-size-default\">Charlas<\/h2>\t\t<\/div>\n\t\t\t\t<\/div>\n\t\t\t\t<div class=\"elementor-element elementor-element-e1d485c elementor-widget__width-initial elementor-widget elementor-widget-text-editor\" data-id=\"e1d485c\" data-element_type=\"widget\" data-widget_type=\"text-editor.default\">\n\t\t\t\t<div class=\"elementor-widget-container\">\n\t\t\t<style>\/*! elementor - v3.14.0 - 26-06-2023 *\/\n.elementor-widget-text-editor.elementor-drop-cap-view-stacked .elementor-drop-cap{background-color:#69727d;color:#fff}.elementor-widget-text-editor.elementor-drop-cap-view-framed .elementor-drop-cap{color:#69727d;border:3px solid;background-color:transparent}.elementor-widget-text-editor:not(.elementor-drop-cap-view-default) .elementor-drop-cap{margin-top:8px}.elementor-widget-text-editor:not(.elementor-drop-cap-view-default) .elementor-drop-cap-letter{width:1em;height:1em}.elementor-widget-text-editor .elementor-drop-cap{float:left;text-align:center;line-height:1;font-size:50px}.elementor-widget-text-editor .elementor-drop-cap-letter{display:inline-block}<\/style>\t\t\t\t<p dir=\"ltr\" style=\"line-height: 1.38; margin-top: 0pt; margin-bottom: 0pt;\"><span style=\"font-size: 11pt; font-family: Arial,sans-serif; color: #000000; background-color: transparent; font-weight: 400; font-style: normal; font-variant: normal; text-decoration: none; vertical-align: baseline; white-space: pre-wrap;\">\u00a0Sobre estas tem\u00e1ticas adapt\u00e1ndolas al \u00e1mbito requerido, siempre con bases cient\u00edficas y transitando las experiencias vivenciales. En las mismas, NO se deja material en pdf, solo es experiencia, se deja bibliograf\u00eda . La duraci\u00f3n es de 2hs, y el cupo m\u00e1ximo es de 25 personas a 30 personas.<\/span><\/p><p><span id=\"docs-internal-guid-ef0e8356-7fff-050a-6dea-5eff666ca27b\">\u00a0<\/span><\/p>\t\t\t\t\t\t<\/div>\n\t\t\t\t<\/div>\n\t\t\t\t\t<\/div>\n\t\t<\/div>\n\t\t\t\t<div class=\"elementor-column elementor-col-50 elementor-top-column elementor-element elementor-element-0201d19\" data-id=\"0201d19\" data-element_type=\"column\">\n\t\t\t<div class=\"elementor-widget-wrap elementor-element-populated\">\n\t\t\t\t\t\t\t\t<div class=\"elementor-element elementor-element-df7cc78 elementor-widget elementor-widget-image\" data-id=\"df7cc78\" data-element_type=\"widget\" data-widget_type=\"image.default\">\n\t\t\t\t<div class=\"elementor-widget-container\">\n\t\t\t<style>\/*! elementor - v3.14.0 - 26-06-2023 *\/\n.elementor-widget-image{text-align:center}.elementor-widget-image a{display:inline-block}.elementor-widget-image a img[src$=\".svg\"]{width:48px}.elementor-widget-image img{vertical-align:middle;display:inline-block}<\/style>\t\t\t\t\t\t\t\t\t\t\t\t<img loading=\"lazy\" decoding=\"async\" width=\"640\" height=\"960\" src=\"https:\/\/plenamenteconsciente.com.ar\/wp-content\/uploads\/2024\/03\/Sin-titulo-10943-scaled-683x1024.jpg\" class=\"attachment-large size-large wp-image-7308\" alt=\"\" srcset=\"https:\/\/plenamenteconsciente.com.ar\/wp-content\/uploads\/2024\/03\/Sin-titulo-10943-scaled-683x1024.jpg 683w, https:\/\/plenamenteconsciente.com.ar\/wp-content\/uploads\/2024\/03\/Sin-titulo-10943-scaled-200x300.jpg 200w, https:\/\/plenamenteconsciente.com.ar\/wp-content\/uploads\/2024\/03\/Sin-titulo-10943-768x1152.jpg 768w, https:\/\/plenamenteconsciente.com.ar\/wp-content\/uploads\/2024\/03\/Sin-titulo-10943-scaled-1024x1536.jpg 1024w, https:\/\/plenamenteconsciente.com.ar\/wp-content\/uploads\/2024\/03\/Sin-titulo-10943-scaled-1366x2048.jpg 1366w, https:\/\/plenamenteconsciente.com.ar\/wp-content\/uploads\/2024\/03\/Sin-titulo-10943-scaled-600x900.jpg 600w, https:\/\/plenamenteconsciente.com.ar\/wp-content\/uploads\/2024\/03\/Sin-titulo-10943-scaled.jpg 1707w\" sizes=\"(max-width: 640px) 100vw, 640px\" \/>\t\t\t\t\t\t\t\t\t\t\t\t\t\t\t<\/div>\n\t\t\t\t<\/div>\n\t\t\t\t\t<\/div>\n\t\t<\/div>\n\t\t\t\t\t\t\t<\/div>\n\t\t<\/section>\n\t\t\t\t<section class=\"elementor-section elementor-top-section elementor-element elementor-element-11cd48c elementor-section-boxed elementor-section-height-default elementor-section-height-default\" data-id=\"11cd48c\" data-element_type=\"section\">\n\t\t\t\t\t\t<div class=\"elementor-container elementor-column-gap-default\">\n\t\t\t\t\t<div class=\"elementor-column elementor-col-50 elementor-top-column elementor-element elementor-element-81f738d\" data-id=\"81f738d\" data-element_type=\"column\">\n\t\t\t<div class=\"elementor-widget-wrap elementor-element-populated\">\n\t\t\t\t\t\t\t\t<div class=\"elementor-element elementor-element-de8eb52 elementor-widget elementor-widget-image\" data-id=\"de8eb52\" data-element_type=\"widget\" data-widget_type=\"image.default\">\n\t\t\t\t<div class=\"elementor-widget-container\">\n\t\t\t\t\t\t\t\t\t\t\t\t\t\t\t<img loading=\"lazy\" decoding=\"async\" width=\"300\" height=\"300\" src=\"https:\/\/plenamenteconsciente.com.ar\/wp-content\/uploads\/2024\/02\/DSC8624-copy-300x300.jpg\" class=\"attachment-woocommerce_thumbnail size-woocommerce_thumbnail wp-image-7068\" alt=\"\" srcset=\"https:\/\/plenamenteconsciente.com.ar\/wp-content\/uploads\/2024\/02\/DSC8624-copy-300x300.jpg 300w, https:\/\/plenamenteconsciente.com.ar\/wp-content\/uploads\/2024\/02\/DSC8624-copy-150x150.jpg 150w, https:\/\/plenamenteconsciente.com.ar\/wp-content\/uploads\/2024\/02\/DSC8624-copy-100x100.jpg 100w\" sizes=\"(max-width: 300px) 100vw, 300px\" \/>\t\t\t\t\t\t\t\t\t\t\t\t\t\t\t<\/div>\n\t\t\t\t<\/div>\n\t\t\t\t\t<\/div>\n\t\t<\/div>\n\t\t\t\t<div class=\"elementor-column elementor-col-50 elementor-top-column elementor-element elementor-element-5351e9a\" data-id=\"5351e9a\" data-element_type=\"column\">\n\t\t\t<div class=\"elementor-widget-wrap elementor-element-populated\">\n\t\t\t\t\t\t\t\t<div class=\"elementor-element elementor-element-146026a elementor-widget elementor-widget-heading\" data-id=\"146026a\" data-element_type=\"widget\" data-widget_type=\"heading.default\">\n\t\t\t\t<div class=\"elementor-widget-container\">\n\t\t\t<h2 class=\"elementor-heading-title elementor-size-default\">Talleres<\/h2>\t\t<\/div>\n\t\t\t\t<\/div>\n\t\t\t\t<div class=\"elementor-element elementor-element-fe12b97 elementor-widget__width-initial elementor-widget elementor-widget-text-editor\" data-id=\"fe12b97\" data-element_type=\"widget\" data-widget_type=\"text-editor.default\">\n\t\t\t\t<div class=\"elementor-widget-container\">\n\t\t\t\t\t\t\t<p><span id=\"docs-internal-guid-6a2e3d4e-7fff-5a31-08fe-f1eafb3c1cce\"><span style=\"font-size: 11pt; font-family: Arial, sans-serif; color: #000000; background-color: transparent; font-variant-numeric: normal; font-variant-east-asian: normal; font-variant-alternates: normal; font-variant-position: normal; font-variant-emoji: normal; vertical-align: baseline; white-space-collapse: preserve;\">Con trabajo vivencial, recorrido te\u00f3rico y bases cient\u00edficas. Se entrega material en pdf, actividades, bibliograf\u00eda, presentaci\u00f3n de power point. La duraci\u00f3n es de 3 horas y el cupo m\u00e1ximo es de 25 personas a 30 personas.<\/span><\/span><\/p>\t\t\t\t\t\t<\/div>\n\t\t\t\t<\/div>\n\t\t\t\t\t<\/div>\n\t\t<\/div>\n\t\t\t\t\t\t\t<\/div>\n\t\t<\/section>\n\t\t\t\t<section class=\"elementor-section elementor-top-section elementor-element elementor-element-127d672 elementor-section-boxed elementor-section-height-default elementor-section-height-default\" data-id=\"127d672\" data-element_type=\"section\" data-settings=\"{&quot;background_background&quot;:&quot;gradient&quot;}\">\n\t\t\t\t\t\t<div class=\"elementor-container elementor-column-gap-default\">\n\t\t\t\t\t<div class=\"elementor-column elementor-col-50 elementor-top-column elementor-element elementor-element-f951be3\" data-id=\"f951be3\" data-element_type=\"column\">\n\t\t\t<div class=\"elementor-widget-wrap elementor-element-populated\">\n\t\t\t\t\t\t\t\t<div class=\"elementor-element elementor-element-520a24e elementor-widget elementor-widget-heading\" data-id=\"520a24e\" data-element_type=\"widget\" data-widget_type=\"heading.default\">\n\t\t\t\t<div class=\"elementor-widget-container\">\n\t\t\t<h2 class=\"elementor-heading-title elementor-size-default\">Jornadas<\/h2>\t\t<\/div>\n\t\t\t\t<\/div>\n\t\t\t\t<div class=\"elementor-element elementor-element-b4358ba elementor-widget elementor-widget-text-editor\" data-id=\"b4358ba\" data-element_type=\"widget\" data-widget_type=\"text-editor.default\">\n\t\t\t\t<div class=\"elementor-widget-container\">\n\t\t\t\t\t\t\t<p><span id=\"docs-internal-guid-dcae9e69-7fff-d0c8-4d07-1dc393012e2b\"><span style=\"font-size: 11pt; font-family: Arial, sans-serif; color: #000000; background-color: transparent; font-variant-numeric: normal; font-variant-east-asian: normal; font-variant-alternates: normal; font-variant-position: normal; font-variant-emoji: normal; vertical-align: baseline; white-space-collapse: preserve;\">Idem al anterior, con trabajo vivencial, recorrido te\u00f3rico y bases cient\u00edficas. Se entrega material en pdf, actividades, bibliograf\u00eda, meditaciones en mp3 y m\u00e1s. La duraci\u00f3n es de 4 horas y el cupo m\u00e1ximo es de 25 personas a 30 personas.<\/span><\/span><\/p>\t\t\t\t\t\t<\/div>\n\t\t\t\t<\/div>\n\t\t\t\t\t<\/div>\n\t\t<\/div>\n\t\t\t\t<div class=\"elementor-column elementor-col-50 elementor-top-column elementor-element elementor-element-33a12a5\" data-id=\"33a12a5\" data-element_type=\"column\">\n\t\t\t<div class=\"elementor-widget-wrap elementor-element-populated\">\n\t\t\t\t\t\t\t\t<div class=\"elementor-element elementor-element-19579e9 elementor-widget elementor-widget-image\" data-id=\"19579e9\" data-element_type=\"widget\" data-widget_type=\"image.default\">\n\t\t\t\t<div class=\"elementor-widget-container\">\n\t\t\t\t\t\t\t\t\t\t\t\t\t\t\t<img loading=\"lazy\" decoding=\"async\" width=\"640\" height=\"960\" src=\"https:\/\/plenamenteconsciente.com.ar\/wp-content\/uploads\/2024\/03\/Sin-titulo-10927-scaled-683x1024.jpg\" class=\"attachment-large size-large wp-image-7334\" alt=\"\" srcset=\"https:\/\/plenamenteconsciente.com.ar\/wp-content\/uploads\/2024\/03\/Sin-titulo-10927-scaled-683x1024.jpg 683w, https:\/\/plenamenteconsciente.com.ar\/wp-content\/uploads\/2024\/03\/Sin-titulo-10927-scaled-200x300.jpg 200w, https:\/\/plenamenteconsciente.com.ar\/wp-content\/uploads\/2024\/03\/Sin-titulo-10927-768x1152.jpg 768w, https:\/\/plenamenteconsciente.com.ar\/wp-content\/uploads\/2024\/03\/Sin-titulo-10927-scaled-1024x1536.jpg 1024w, https:\/\/plenamenteconsciente.com.ar\/wp-content\/uploads\/2024\/03\/Sin-titulo-10927-scaled-1366x2048.jpg 1366w, https:\/\/plenamenteconsciente.com.ar\/wp-content\/uploads\/2024\/03\/Sin-titulo-10927-scaled-600x900.jpg 600w, https:\/\/plenamenteconsciente.com.ar\/wp-content\/uploads\/2024\/03\/Sin-titulo-10927-scaled.jpg 1707w\" sizes=\"(max-width: 640px) 100vw, 640px\" \/>\t\t\t\t\t\t\t\t\t\t\t\t\t\t\t<\/div>\n\t\t\t\t<\/div>\n\t\t\t\t\t<\/div>\n\t\t<\/div>\n\t\t\t\t\t\t\t<\/div>\n\t\t<\/section>\n\t\t\t\t<section class=\"elementor-section elementor-top-section elementor-element elementor-element-a800afd elementor-section-boxed elementor-section-height-default elementor-section-height-default\" data-id=\"a800afd\" data-element_type=\"section\">\n\t\t\t\t\t\t<div class=\"elementor-container elementor-column-gap-default\">\n\t\t\t\t\t<div class=\"elementor-column elementor-col-50 elementor-top-column elementor-element elementor-element-b025794\" data-id=\"b025794\" data-element_type=\"column\">\n\t\t\t<div class=\"elementor-widget-wrap elementor-element-populated\">\n\t\t\t\t\t\t\t\t<div class=\"elementor-element elementor-element-8f06172 elementor-widget elementor-widget-image\" data-id=\"8f06172\" data-element_type=\"widget\" data-widget_type=\"image.default\">\n\t\t\t\t<div class=\"elementor-widget-container\">\n\t\t\t\t\t\t\t\t\t\t\t\t\t\t\t<img loading=\"lazy\" decoding=\"async\" width=\"640\" height=\"960\" src=\"https:\/\/plenamenteconsciente.com.ar\/wp-content\/uploads\/2024\/03\/Sin-titulo-10952-scaled-683x1024.jpg\" class=\"attachment-large size-large wp-image-7336\" alt=\"\" srcset=\"https:\/\/plenamenteconsciente.com.ar\/wp-content\/uploads\/2024\/03\/Sin-titulo-10952-scaled-683x1024.jpg 683w, https:\/\/plenamenteconsciente.com.ar\/wp-content\/uploads\/2024\/03\/Sin-titulo-10952-scaled-200x300.jpg 200w, https:\/\/plenamenteconsciente.com.ar\/wp-content\/uploads\/2024\/03\/Sin-titulo-10952-768x1152.jpg 768w, https:\/\/plenamenteconsciente.com.ar\/wp-content\/uploads\/2024\/03\/Sin-titulo-10952-scaled-1024x1536.jpg 1024w, https:\/\/plenamenteconsciente.com.ar\/wp-content\/uploads\/2024\/03\/Sin-titulo-10952-scaled-1366x2048.jpg 1366w, https:\/\/plenamenteconsciente.com.ar\/wp-content\/uploads\/2024\/03\/Sin-titulo-10952-scaled-600x900.jpg 600w, https:\/\/plenamenteconsciente.com.ar\/wp-content\/uploads\/2024\/03\/Sin-titulo-10952-scaled.jpg 1707w\" sizes=\"(max-width: 640px) 100vw, 640px\" \/>\t\t\t\t\t\t\t\t\t\t\t\t\t\t\t<\/div>\n\t\t\t\t<\/div>\n\t\t\t\t\t<\/div>\n\t\t<\/div>\n\t\t\t\t<div class=\"elementor-column elementor-col-50 elementor-top-column elementor-element elementor-element-b01ad31\" data-id=\"b01ad31\" data-element_type=\"column\">\n\t\t\t<div class=\"elementor-widget-wrap elementor-element-populated\">\n\t\t\t\t\t\t\t\t<div class=\"elementor-element elementor-element-2f04ca2 elementor-widget elementor-widget-heading\" data-id=\"2f04ca2\" data-element_type=\"widget\" data-widget_type=\"heading.default\">\n\t\t\t\t<div class=\"elementor-widget-container\">\n\t\t\t<h2 class=\"elementor-heading-title elementor-size-default\">Capacitaciones<\/h2>\t\t<\/div>\n\t\t\t\t<\/div>\n\t\t\t\t<div class=\"elementor-element elementor-element-8daa122 elementor-widget elementor-widget-text-editor\" data-id=\"8daa122\" data-element_type=\"widget\" data-widget_type=\"text-editor.default\">\n\t\t\t\t<div class=\"elementor-widget-container\">\n\t\t\t\t\t\t\t<p><span id=\"docs-internal-guid-15741719-7fff-7951-6ec0-d1fef53b9f0d\"><span style=\"font-size: 11pt; font-family: Arial, sans-serif; color: #000000; background-color: transparent; font-variant-numeric: normal; font-variant-east-asian: normal; font-variant-alternates: normal; font-variant-position: normal; font-variant-emoji: normal; vertical-align: baseline; white-space-collapse: preserve;\">A Instituciones: educativas, empresas, clubes, hospitales, cl\u00ednicas, centros de salud,entre otros,nuestras capacitaciones permiten desarrollar las habilidades sociales y\u00a0 emocionales, valores como\u00a0 el :LIDERAZGO CONSCIENTE, HERRAMIENTAS PARA SER UN BUEN L\u00cdDER, HABILIDADES SOCIALES Y EMOCIONALES, CLIMA INSTITUCIONAL, LAS EMOCIONES Y EL DOCENTE, BIENESTAR EN EL AULA, GESTION EMOCIONAL,DESARROLLO , MANEJO DEL ESTR\u00c9S, MAYOR CAPACIDAD DE CONCENTRACI\u00d3N Y ATENCI\u00d3N, MANTENER LA ESTABILIDAD FRENTE A SITUACIONES DE ALTA TENSI\u00d3N Y\/O COMPLEJIDAD. GESTI\u00d3N DEL TIEMPO, COMUNICACI\u00d3N ASERTIVA, RELACIONES INTERPERSONALES. CAPACIDAD DE CONCENTRACI\u00d3N Y PRODUCTIVIDAD.MEJORAR EL CLIMA LABORAL.\u00c9TICA DEL COMPROMISO Y TRABAJO EN EQUIPO.<\/span><span style=\"font-size: 11pt; font-family: Arial, sans-serif; color: #000000; background-color: transparent; font-variant-numeric: normal; font-variant-east-asian: normal; font-variant-alternates: normal; font-variant-position: normal; font-variant-emoji: normal; vertical-align: baseline; white-space-collapse: preserve;\"><br \/><\/span><\/span><\/p>\t\t\t\t\t\t<\/div>\n\t\t\t\t<\/div>\n\t\t\t\t\t<\/div>\n\t\t<\/div>\n\t\t\t\t\t\t\t<\/div>\n\t\t<\/section>\n\t\t\t\t<section class=\"elementor-section elementor-top-section elementor-element elementor-element-a1e6d36 elementor-section-boxed elementor-section-height-default elementor-section-height-default\" data-id=\"a1e6d36\" data-element_type=\"section\">\n\t\t\t\t\t\t<div class=\"elementor-container elementor-column-gap-default\">\n\t\t\t\t\t<div class=\"elementor-column elementor-col-100 elementor-top-column elementor-element elementor-element-8812b2f\" data-id=\"8812b2f\" data-element_type=\"column\">\n\t\t\t<div class=\"elementor-widget-wrap\">\n\t\t\t\t\t\t\t\t\t<\/div>\n\t\t<\/div>\n\t\t\t\t\t\t\t<\/div>\n\t\t<\/section>\n\t\t\t\t<section class=\"elementor-section elementor-top-section elementor-element elementor-element-2856f66 elementor-section-boxed elementor-section-height-default elementor-section-height-default\" data-id=\"2856f66\" data-element_type=\"section\">\n\t\t\t\t\t\t<div class=\"elementor-container elementor-column-gap-default\">\n\t\t\t\t\t<div class=\"elementor-column elementor-col-50 elementor-top-column elementor-element elementor-element-e318021\" data-id=\"e318021\" data-element_type=\"column\">\n\t\t\t<div class=\"elementor-widget-wrap\">\n\t\t\t\t\t\t\t\t\t<\/div>\n\t\t<\/div>\n\t\t\t\t<div class=\"elementor-column elementor-col-50 elementor-top-column elementor-element elementor-element-42ad830\" data-id=\"42ad830\" data-element_type=\"column\">\n\t\t\t<div class=\"elementor-widget-wrap\">\n\t\t\t\t\t\t\t\t\t<\/div>\n\t\t<\/div>\n\t\t\t\t\t\t\t<\/div>\n\t\t<\/section>\n\t\t\t\t<section class=\"elementor-section elementor-top-section elementor-element elementor-element-024b9ca elementor-section-full_width elementor-section-height-full elementor-section-items-top elementor-section-stretched elementor-section-height-default\" data-id=\"024b9ca\" data-element_type=\"section\" data-settings=\"{&quot;stretch_section&quot;:&quot;section-stretched&quot;}\">\n\t\t\t\t\t\t<div class=\"elementor-container elementor-column-gap-narrow\">\n\t\t\t\t\t<div class=\"elementor-column elementor-col-100 elementor-top-column elementor-element elementor-element-b8906ff\" data-id=\"b8906ff\" data-element_type=\"column\">\n\t\t\t<div class=\"elementor-widget-wrap elementor-element-populated\">\n\t\t\t\t\t\t\t\t<div class=\"elementor-element elementor-element-4650685 elementor-widget thim-widget-portfolio\" data-id=\"4650685\" data-element_type=\"widget\" data-widget_type=\"thim-portfolio.default\">\n\t\t\t\t<div class=\"elementor-widget-container\">\n\t\t\t<div class=\"wapper_portfolio  same all\">\n\t\t\t<div class=\"portfolio-tabs-wapper filters\" style=\"text-align:center;\" >\n\t\t\t<ul class=\"portfolio-tabs\">\n\t\t\t\t\t\t\t\t\t<li>\n\t\t\t\t\t\t<a href=\"#\" class=\"filter active\" data-filter=\"*\">All<\/a>\n\t\t\t\t\t<\/li>\n\t\t\t\t\t\t\t\t\t\t\t<li>\n\t\t\t\t\t\t\t<a class=\"filter\" href=\"#\" data-filter=\".instituciones-educativas\">Instituciones educativas<\/a>\n\t\t\t\t\t\t<\/li>\n\t\t\t\t\t\t\t\t\t\t\t<li>\n\t\t\t\t\t\t\t<a class=\"filter\" href=\"#\" data-filter=\".empresas\">Empresas<\/a>\n\t\t\t\t\t\t<\/li>\n\t\t\t\t\t\t\t\t\t\t\t<li>\n\t\t\t\t\t\t\t<a class=\"filter\" href=\"#\" data-filter=\".instituciones-deportivas\">Instituciones deportivas<\/a>\n\t\t\t\t\t\t<\/li>\n\t\t\t\t\t\t\t\t\t\t\t<li>\n\t\t\t\t\t\t\t<a class=\"filter\" href=\"#\" data-filter=\".sociales\">Sociales<\/a>\n\t\t\t\t\t\t<\/li>\n\t\t\t\t\t\t\t\t<\/ul>\n\t\t<\/div>\n\t\t\t<div class=\"portfolio_column\">\n\t\t<ul class=\"content_portfolio style01\">\n\t\t\t<li data-color=\"#ef5c37\" class=\"element-item instituciones-educativas  item_portfolio  four-col\" style=\"background-color:#ef5c37;\"><div class=\"portfolio-image\"><div class=\"img-portfolio\"><img decoding=\"async\" src=\"https:\/\/plenamenteconsciente.com.ar\/wp-content\/uploads\/2024\/12\/yoga_-10-scaled-480x320.jpg\" alt= Instituciones educativas title = Instituciones educativas \/><\/div><div class=\"portfolio-hover\" style=\"background-color:#ef5c37;\"><div class=\"thumb-bg\"><div class=\"mask-content\"><h3><a href=\"https:\/\/plenamenteconsciente.com.ar\/index.php\/portfolio\/institucioens-educativas\/\" title=\"Instituciones educativas\" >Instituciones educativas<\/a><\/h3><div class=\"cat_portfolio\"><a href=\"https:\/\/plenamenteconsciente.com.ar\/index.php\/portfolio_category\/instituciones-educativas\/\">Instituciones educativas<\/a><\/div><a href=\"https:\/\/plenamenteconsciente.com.ar\/index.php\/portfolio\/institucioens-educativas\/\" title=\"Instituciones educativas\" class=\"btn_zoom \" >View More<\/a><\/div><\/div><\/div><\/div><\/li>\n\t\t\t<li data-color=\"#dd3333\" class=\"element-item empresas  item_portfolio  four-col\" style=\"background-color:#dd3333;\"><div class=\"portfolio-image\"><div class=\"img-portfolio\"><img decoding=\"async\" src=\"https:\/\/plenamenteconsciente.com.ar\/wp-content\/uploads\/2024\/02\/WhatsApp-Image-2024-02-07-at-6.31.05-PM-480x320.jpeg\" alt= Empresas title = Empresas \/><\/div><div class=\"portfolio-hover\" style=\"background-color:#dd3333;\"><div class=\"thumb-bg\"><div class=\"mask-content\"><h3><a href=\"https:\/\/plenamenteconsciente.com.ar\/index.php\/portfolio\/empresas\/\" title=\"Empresas\" >Empresas<\/a><\/h3><div class=\"cat_portfolio\"><a href=\"https:\/\/plenamenteconsciente.com.ar\/index.php\/portfolio_category\/empresas\/\">Empresas<\/a><\/div><a href=\"https:\/\/plenamenteconsciente.com.ar\/index.php\/portfolio\/empresas\/\" title=\"Empresas\" class=\"btn_zoom \" >View More<\/a><\/div><\/div><\/div><\/div><\/li>\n\t\t\t<li data-color=\"#ffb606\" class=\"element-item instituciones-deportivas  item_portfolio  four-col\" style=\"background-color:#ffb606;\"><div class=\"portfolio-image\"><div class=\"img-portfolio\"><img decoding=\"async\" src=\"https:\/\/plenamenteconsciente.com.ar\/wp-content\/uploads\/2024\/02\/WhatsApp-Image-2024-02-07-at-6.16.52-PM-480x320.jpeg\" alt= Instituciones deportivas title = Instituciones deportivas \/><\/div><div class=\"portfolio-hover\" style=\"background-color:#ffb606;\"><div class=\"thumb-bg\"><div class=\"mask-content\"><h3><a href=\"https:\/\/plenamenteconsciente.com.ar\/index.php\/portfolio\/instituciones-deportivas\/\" title=\"Instituciones deportivas\" >Instituciones deportivas<\/a><\/h3><div class=\"cat_portfolio\"><a href=\"https:\/\/plenamenteconsciente.com.ar\/index.php\/portfolio_category\/instituciones-deportivas\/\">Instituciones deportivas<\/a><\/div><a href=\"https:\/\/plenamenteconsciente.com.ar\/index.php\/portfolio\/instituciones-deportivas\/\" title=\"Instituciones deportivas\" class=\"btn_zoom \" >View More<\/a><\/div><\/div><\/div><\/div><\/li>\n\t\t\t<li data-color=\"#46557f\" class=\"element-item sociales  item_portfolio  four-col\" style=\"background-color:#46557f;\"><div class=\"portfolio-image\"><div class=\"img-portfolio\"><img decoding=\"async\" src=\"https:\/\/plenamenteconsciente.com.ar\/wp-content\/uploads\/2024\/02\/WhatsApp-Image-2024-02-07-at-6.31.08-PM-2-480x320.jpeg\" alt= Sociales title = Sociales \/><\/div><div class=\"portfolio-hover\" style=\"background-color:#46557f;\"><div class=\"thumb-bg\"><div class=\"mask-content\"><h3><a href=\"https:\/\/plenamenteconsciente.com.ar\/index.php\/portfolio\/sociales\/\" title=\"Sociales\" >Sociales<\/a><\/h3><div class=\"cat_portfolio\"><a href=\"https:\/\/plenamenteconsciente.com.ar\/index.php\/portfolio_category\/sociales\/\">Sociales<\/a><\/div><a href=\"https:\/\/plenamenteconsciente.com.ar\/index.php\/portfolio\/sociales\/\" title=\"Sociales\" class=\"btn_zoom \" >View More<\/a><\/div><\/div><\/div><\/div><\/li>\n\t\t\t\t\t<\/ul>\n\t\t\t<\/div>\n<\/div>\n<!-- .wapper portfolio -->\n\t\t<\/div>\n\t\t\t\t<\/div>\n\t\t\t\t\t<\/div>\n\t\t<\/div>\n\t\t\t\t\t\t\t<\/div>\n\t\t<\/section>\n\t\t\t\t\t\t\t<\/div>\n\t\t","protected":false},"excerpt":{"rendered":"<p>\/*! elementor &#8211; v3.14.0 &#8211; 26-06-2023 *\/<br \/>\n.elementor-widget-image{text-align:center}.elementor-widget-image a{display:inline-block}.elementor-widget-image a img[src$=&#8221;.svg&#8221;]{width:48px}.elementor-widget-image img{vertical-align:middle;display:inline-block}<\/p>\n<p>La aplicaci\u00f3n de mindfulness en el \u00e1mbito social, tiene beneficios a nivel personal y comunitario, apuntando a contribuir a la creaci\u00f3n de sociedades m\u00e1s inclusivas, compasivas y <\/p>\n","protected":false},"author":1,"featured_media":0,"parent":0,"menu_order":0,"comment_status":"closed","ping_status":"closed","template":"","meta":{"footnotes":""},"_links":{"self":[{"href":"https:\/\/plenamenteconsciente.com.ar\/index.php\/wp-json\/wp\/v2\/pages\/4526"}],"collection":[{"href":"https:\/\/plenamenteconsciente.com.ar\/index.php\/wp-json\/wp\/v2\/pages"}],"about":[{"href":"https:\/\/plenamenteconsciente.com.ar\/index.php\/wp-json\/wp\/v2\/types\/page"}],"author":[{"embeddable":true,"href":"https:\/\/plenamenteconsciente.com.ar\/index.php\/wp-json\/wp\/v2\/users\/1"}],"replies":[{"embeddable":true,"href":"https:\/\/plenamenteconsciente.com.ar\/index.php\/wp-json\/wp\/v2\/comments?post=4526"}],"version-history":[{"count":24,"href":"https:\/\/plenamenteconsciente.com.ar\/index.php\/wp-json\/wp\/v2\/pages\/4526\/revisions"}],"predecessor-version":[{"id":7738,"href":"https:\/\/plenamenteconsciente.com.ar\/index.php\/wp-json\/wp\/v2\/pages\/4526\/revisions\/7738"}],"wp:attachment":[{"href":"https:\/\/plenamenteconsciente.com.ar\/index.php\/wp-json\/wp\/v2\/media?parent=4526"}],"curies":[{"name":"wp","href":"https:\/\/api.w.org\/{rel}","templated":true}]}}